{"id":29814,"date":"2023-07-20T14:10:53","date_gmt":"2023-07-20T12:10:53","guid":{"rendered":"https:\/\/gsmart.wecode.swiss\/contact\/"},"modified":"2023-08-28T09:49:47","modified_gmt":"2023-08-28T07:49:47","slug":"contact-gsmartip","status":"publish","type":"page","link":"https:\/\/gsmart-ip.ch\/en\/contact-gsmartip\/","title":{"rendered":"Contact"},"content":{"rendered":"<section class=\"wpb-content-wrapper\"><p>[vc_row row_height_percent=&#8221;50&#8243; override_padding=&#8221;yes&#8221; h_padding=&#8221;2&#8243; top_padding=&#8221;3&#8243; bottom_padding=&#8221;3&#8243; back_color=&#8221;color-240233&#8243; overlay_color=&#8221;color-240233&#8243; overlay_alpha=&#8221;1&#8243; gutter_size=&#8221;3&#8243; column_width_percent=&#8221;100&#8243; shift_y=&#8221;0&#8243; z_index=&#8221;0&#8243; enable_bottom_divider=&#8221;default&#8221; bottom_divider_inv=&#8221;tilt&#8221; shape_bottom_invert=&#8221;yes&#8221; shape_bottom_h_use_pixel=&#8221;&#8221; shape_bottom_height=&#8221;150&#8243; shape_bottom_color=&#8221;color-xsdn&#8221; shape_bottom_opacity=&#8221;100&#8243; shape_bottom_index=&#8221;0&#8243; shape_bottom_responsive=&#8221;yes&#8221; uncode_shortcode_id=&#8221;840440&#8243; back_color_type=&#8221;uncode-palette&#8221; shape_bottom_color_type=&#8221;uncode-palette&#8221; overlay_color_type=&#8221;uncode-palette&#8221; el_class=&#8221;animation-rotate-blue&#8221;][vc_column column_width_percent=&#8221;100&#8243; gutter_size=&#8221;3&#8243; overlay_alpha=&#8221;50&#8243; shift_x=&#8221;0&#8243; shift_y=&#8221;0&#8243; shift_y_down=&#8221;0&#8243; z_index=&#8221;0&#8243; medium_width=&#8221;0&#8243; mobile_width=&#8221;0&#8243; width=&#8221;1\/1&#8243; uncode_shortcode_id=&#8221;661431&#8243;][vc_row_inner row_inner_height_percent=&#8221;100&#8243; overlay_alpha=&#8221;50&#8243; gutter_size=&#8221;2&#8243; shift_y=&#8221;0&#8243; z_index=&#8221;0&#8243; uncode_shortcode_id=&#8221;539160&#8243; row_height_pixel=&#8221;150px&#8221;][vc_column_inner column_width_percent=&#8221;100&#8243; gutter_size=&#8221;3&#8243; style=&#8221;dark&#8221; overlay_alpha=&#8221;50&#8243; shift_x=&#8221;0&#8243; shift_y=&#8221;0&#8243; shift_y_down=&#8221;0&#8243; z_index=&#8221;0&#8243; medium_width=&#8221;0&#8243; mobile_width=&#8221;0&#8243; css_animation=&#8221;left-t-right&#8221; animation_speed=&#8221;600&#8243; width=&#8221;3\/12&#8243; uncode_shortcode_id=&#8221;131104&#8243;][vc_icon position=&#8221;left&#8221; space_reduced=&#8221;yes&#8221; icon_image=&#8221;28873&#8243; media_size=&#8221;30px&#8221; heading_semantic=&#8221;p&#8221; text_font=&#8221;font-555555&#8243; text_size=&#8221;h6&#8243; text_weight=&#8221;400&#8243; uncode_shortcode_id=&#8221;153083&#8243; title=&#8221;Call on our services&#8221;][\/vc_icon][\/vc_column_inner][vc_column_inner column_width_percent=&#8221;50&#8243; position_horizontal=&#8221;left&#8221; align_horizontal=&#8221;align_center&#8221; gutter_size=&#8221;3&#8243; style=&#8221;dark&#8221; overlay_alpha=&#8221;50&#8243; shift_x=&#8221;-1&#8243; shift_y=&#8221;1&#8243; shift_y_down=&#8221;0&#8243; z_index=&#8221;0&#8243; medium_width=&#8221;0&#8243; align_mobile=&#8221;align_left_mobile&#8221; mobile_width=&#8221;0&#8243; css_animation=&#8221;left-t-right&#8221; animation_speed=&#8221;600&#8243; width=&#8221;1\/12&#8243; uncode_shortcode_id=&#8221;109622&#8243;][vc_separator sep_color=&#8221;color-xsdn&#8221; uncode_shortcode_id=&#8221;139520&#8243; sep_color_type=&#8221;uncode-palette&#8221; el_width=&#8221;100px&#8221;][\/vc_column_inner][vc_column_inner column_width_percent=&#8221;100&#8243; align_horizontal=&#8221;align_right&#8221; gutter_size=&#8221;3&#8243; style=&#8221;dark&#8221; overlay_alpha=&#8221;50&#8243; shift_x=&#8221;0&#8243; shift_y=&#8221;1&#8243; shift_y_down=&#8221;0&#8243; z_index=&#8221;0&#8243; medium_width=&#8221;0&#8243; mobile_width=&#8221;0&#8243; css_animation=&#8221;right-t-left&#8221; animation_speed=&#8221;600&#8243; width=&#8221;8\/12&#8243; uncode_shortcode_id=&#8221;115280&#8243;][vc_custom_heading text_color=&#8221;color-xsdn&#8221; heading_semantic=&#8221;h1&#8243; text_font=&#8221;font-425448&#8243; text_size=&#8221;h1&#8243; text_weight=&#8221;500&#8243; uncode_shortcode_id=&#8221;197417&#8243; text_color_type=&#8221;uncode-palette&#8221;]<\/p>\n<h1 style=\"text-align: right;\">Contact<\/h1>\n<p>[\/vc_custom_heading][vc_empty_space empty_h=&#8221;3&#8243; mobile_visibility=&#8221;yes&#8221;][\/vc_column_inner][\/vc_row_inner][\/vc_column][\/vc_row][vc_row row_height_percent=&#8221;0&#8243; override_padding=&#8221;yes&#8221; h_padding=&#8221;2&#8243; top_padding=&#8221;0&#8243; bottom_padding=&#8221;5&#8243; back_color=&#8221;color-xsdn&#8221; overlay_alpha=&#8221;50&#8243; gutter_size=&#8221;3&#8243; column_width_percent=&#8221;100&#8243; shift_y=&#8221;-3&#8243; z_index=&#8221;0&#8243; uncode_shortcode_id=&#8221;173990&#8243; back_color_type=&#8221;uncode-palette&#8221; el_class=&#8221;conteneur&#8221;][vc_column column_width_percent=&#8221;100&#8243; gutter_size=&#8221;4&#8243; overlay_alpha=&#8221;50&#8243; shift_x=&#8221;0&#8243; shift_y=&#8221;0&#8243; shift_y_down=&#8221;0&#8243; z_index=&#8221;0&#8243; medium_width=&#8221;0&#8243; mobile_width=&#8221;0&#8243; css_animation=&#8221;bottom-t-top&#8221; animation_speed=&#8221;600&#8243; width=&#8221;1\/1&#8243; uncode_shortcode_id=&#8221;185644&#8243;][vc_row_inner row_inner_height_percent=&#8221;0&#8243; overlay_alpha=&#8221;50&#8243; gutter_size=&#8221;4&#8243; shift_y=&#8221;0&#8243; z_index=&#8221;0&#8243; inverted_device_order=&#8221;yes&#8221; uncode_shortcode_id=&#8221;118309&#8243;][vc_column_inner column_width_percent=&#8221;100&#8243; position_vertical=&#8221;middle&#8221; gutter_size=&#8221;4&#8243; style=&#8221;light&#8221; overlay_alpha=&#8221;50&#8243; shift_x=&#8221;0&#8243; shift_y=&#8221;0&#8243; shift_y_down=&#8221;0&#8243; z_index=&#8221;0&#8243; medium_width=&#8221;0&#8243; mobile_width=&#8221;0&#8243; width=&#8221;4\/12&#8243; uncode_shortcode_id=&#8221;170336&#8243;][vc_icon position=&#8221;left&#8221; space_reduced=&#8221;yes&#8221; icon=&#8221;fa fa-home2&#8243; icon_color=&#8221;color-796636&#8243; size=&#8221;fa-2x&#8221; text_size=&#8221;h5&#8243; linked_title=&#8221;yes&#8221; title=&#8221;Route de Florissant 81, 1206 Gen\u00e8ve&#8221; link=&#8221;url:tel%3A%2F%2F1-555-555-5555|||&#8221; uncode_shortcode_id=&#8221;479653&#8243; icon_color_type=&#8221;uncode-palette&#8221;][\/vc_icon][vc_icon position=&#8221;left&#8221; space_reduced=&#8221;yes&#8221; icon=&#8221;fa fa-phone&#8221; icon_color=&#8221;color-796636&#8243; size=&#8221;fa-2x&#8221; text_size=&#8221;h5&#8243; linked_title=&#8221;yes&#8221; title=&#8221;+41 22 596 72 94&#8243; link=&#8221;url:tel%3A%2F%2F1-555-555-5555|||&#8221; uncode_shortcode_id=&#8221;121293&#8243; icon_color_type=&#8221;uncode-palette&#8221;][\/vc_icon][vc_icon position=&#8221;left&#8221; space_reduced=&#8221;yes&#8221; icon=&#8221;fa fa-envelope&#8221; icon_color=&#8221;color-796636&#8243; size=&#8221;fa-2x&#8221; text_size=&#8221;h5&#8243; linked_title=&#8221;yes&#8221; title=&#8221;info@gsmart-ip.ch&#8221; link=&#8221;url:mailto%3Ainfo%40gsmart-ip.ch&#8221; uncode_shortcode_id=&#8221;800604&#8243; icon_color_type=&#8221;uncode-palette&#8221;][\/vc_icon][\/vc_column_inner][vc_column_inner column_width_percent=&#8221;100&#8243; gutter_size=&#8221;3&#8243; override_padding=&#8221;yes&#8221; column_padding=&#8221;3&#8243; style=&#8221;light&#8221; back_color=&#8221;color-xsdn&#8221; overlay_alpha=&#8221;50&#8243; shift_x=&#8221;0&#8243; shift_y=&#8221;-3&#8243; shift_y_down=&#8221;0&#8243; z_index=&#8221;0&#8243; medium_width=&#8221;0&#8243; mobile_width=&#8221;0&#8243; radius=&#8221;std&#8221; shadow=&#8221;sm&#8221; width=&#8221;8\/12&#8243; uncode_shortcode_id=&#8221;130926&#8243; back_color_type=&#8221;uncode-palette&#8221; css=&#8221;.vc_custom_1692093471001{padding-right: 100px !important;}&#8221; el_class=&#8221;glass-bg&#8221;][vc_custom_heading text_size=&#8221;h3&#8243; subheading=&#8221;Contact us now and we&#8217;ll do our best to respond to your questions and requests as quickly as possible.&#8221; uncode_shortcode_id=&#8221;840605&#8243;]Contact form[\/vc_custom_heading]\n<div class=\"wpcf7 no-js\" id=\"wpcf7-f28850-o1\" lang=\"fr-FR\" dir=\"ltr\" data-wpcf7-id=\"28850\">\n<div class=\"screen-reader-response\"><p role=\"status\" aria-live=\"polite\" aria-atomic=\"true\"><\/p> <ul><\/ul><\/div>\n<form action=\"\/en\/wp-json\/wp\/v2\/pages\/29814#wpcf7-f28850-o1\" method=\"post\" class=\"wpcf7-form init\" aria-label=\"Formulaire de contact\" novalidate=\"novalidate\" data-status=\"init\">\n<fieldset class=\"hidden-fields-container\"><input type=\"hidden\" name=\"_wpcf7\" value=\"28850\" \/><input type=\"hidden\" name=\"_wpcf7_version\" value=\"6.1.5\" \/><input type=\"hidden\" name=\"_wpcf7_locale\" value=\"fr_FR\" \/><input type=\"hidden\" name=\"_wpcf7_unit_tag\" value=\"wpcf7-f28850-o1\" \/><input type=\"hidden\" name=\"_wpcf7_container_post\" value=\"0\" \/><input type=\"hidden\" name=\"_wpcf7_posted_data_hash\" value=\"\" \/>\n<\/fieldset>\n<div class=\"wpcf7-inline-wrapper\">\n\t<p class=\"wpcf7-inline-field\"><span class=\"wpcf7-form-control-wrap\" data-name=\"your-name\"><input size=\"40\" maxlength=\"400\" class=\"wpcf7-form-control wpcf7-text wpcf7-validates-as-required form-fluid\" aria-required=\"true\" aria-invalid=\"false\" placeholder=\"Votre nom de famille\" value=\"\" type=\"text\" name=\"your-name\" \/><\/span>\n\t<\/p>\n\t<p class=\"wpcf7-inline-field\"><span class=\"wpcf7-form-control-wrap\" data-name=\"your-firstname\"><input size=\"40\" maxlength=\"400\" class=\"wpcf7-form-control wpcf7-text wpcf7-validates-as-required form-fluid\" aria-required=\"true\" aria-invalid=\"false\" placeholder=\"Votre pr\u00e9nom\" value=\"\" type=\"text\" name=\"your-firstname\" \/><\/span>\n\t<\/p>\n<\/div>\n<div class=\"wpcf7-inline-wrapper\">\n\t<p class=\"wpcf7-inline-field\"><span class=\"wpcf7-form-control-wrap\" data-name=\"your-email\"><input size=\"40\" maxlength=\"400\" class=\"wpcf7-form-control wpcf7-email wpcf7-validates-as-required wpcf7-text wpcf7-validates-as-email\" aria-required=\"true\" aria-invalid=\"false\" placeholder=\"Votre adresse mail\" value=\"\" type=\"email\" name=\"your-email\" \/><\/span>\n\t<\/p>\n\t<p class=\"wpcf7-inline-field\"><span class=\"wpcf7-form-control-wrap\" data-name=\"your-telephone\"><input size=\"40\" maxlength=\"400\" class=\"wpcf7-form-control wpcf7-text wpcf7-validates-as-required form-fluid\" aria-required=\"true\" aria-invalid=\"false\" placeholder=\"Votre num\u00e9ro de t\u00e9l\u00e9phone\" value=\"\" type=\"text\" name=\"your-telephone\" \/><\/span>\n\t<\/p>\n<\/div>\n<div class=\"wpcf7-inline-wrapper\">\n\t<p class=\"wpcf7-inline-field\"><span class=\"wpcf7-form-control-wrap\" data-name=\"your-organisation\"><input size=\"40\" maxlength=\"400\" class=\"wpcf7-form-control wpcf7-text\" aria-invalid=\"false\" placeholder=\"Votre entreprise\" value=\"\" type=\"text\" name=\"your-organisation\" \/><\/span>\n\t<\/p>\n\t<p class=\"wpcf7-inline-field\"><span class=\"wpcf7-form-control-wrap\" data-name=\"your-subject\"><input size=\"40\" maxlength=\"400\" class=\"wpcf7-form-control wpcf7-text wpcf7-validates-as-required form-fluid\" aria-required=\"true\" aria-invalid=\"false\" placeholder=\"Votre demande\" value=\"\" type=\"text\" name=\"your-subject\" \/><\/span>\n\t<\/p>\n<\/div>\n<p class=\"wpcf7-form-control-wrap your-source\"><select name=\"your-competence\" class=\"wpcf7-form-control wpcf7-select\" aria-invalid=\"false\">\n<option value=\"\" disabled selected>J'opte pour une comp\u00e9tence transversale...<\/option>\n <option value=\"Audit de portefeuille\">Audit de portefeuille<\/option>\n <option value=\"\u00c9valuation financi\u00e8re\">\u00c9valuation financi\u00e8re<\/option>\n <option value=\"Formations\">Formations<\/option>\n <option value=\"Horodatage\">Horodatage<\/option>\n <\/select>\n<\/p>\n<p><span class=\"wpcf7-form-control-wrap\" data-name=\"your-message\"><textarea cols=\"40\" rows=\"8\" maxlength=\"2000\" class=\"wpcf7-form-control wpcf7-textarea\" aria-invalid=\"false\" placeholder=\"Votre message...\" name=\"your-message\"><\/textarea><\/span>\n<\/p>\n<p><input class=\"wpcf7-form-control wpcf7-submit has-spinner btn btn-accent\" type=\"submit\" value=\"Envoyer votre message\" \/>\n<\/p><div class=\"wpcf7-response-output\" aria-hidden=\"true\"><\/div>\n<\/form>\n<\/div>\n[uncode_vertical_text fixed=&#8221;yes&#8221; position=&#8221;right&#8221; flip=&#8221;yes&#8221; vertical_text_h_pos=&#8221;-2&#8243; text_color=&#8221;color-240233&#8243; hide_on_bottom=&#8221;yes&#8221; mobile_visibility=&#8221;yes&#8221; uncode_shortcode_id=&#8221;645647&#8243; text_color_type=&#8221;uncode-palette&#8221;]Contact[\/uncode_vertical_text][\/vc_column_inner][\/vc_row_inner][\/vc_column][\/vc_row]<\/p>\n<\/section>","protected":false},"excerpt":{"rendered":"<p>[vc_row row_height_percent=&#8221;50&#8243; override_padding=&#8221;yes&#8221; h_padding=&#8221;2&#8243; top_padding=&#8221;3&#8243; bottom_padding=&#8221;3&#8243; back_color=&#8221;color-240233&#8243; overlay_color=&#8221;color-240233&#8243; overlay_alpha=&#8221;1&#8243; gutter_size=&#8221;3&#8243; column_width_percent=&#8221;100&#8243; shift_y=&#8221;0&#8243; z_index=&#8221;0&#8243; enable_bottom_divider=&#8221;default&#8221; bottom_divider_inv=&#8221;tilt&#8221; shape_bottom_invert=&#8221;yes&#8221; shape_bottom_h_use_pixel=&#8221;&#8221; shape_bottom_height=&#8221;150&#8243; shape_bottom_color=&#8221;color-xsdn&#8221; shape_bottom_opacity=&#8221;100&#8243; [&hellip;]<\/p>\n","protected":false},"author":2,"featured_media":0,"parent":0,"menu_order":0,"comment_status":"closed","ping_status":"closed","template":"","meta":{"_acf_changed":false,"om_disable_all_campaigns":false,"_monsterinsights_skip_tracking":false,"_monsterinsights_sitenote_active":false,"_monsterinsights_sitenote_note":"","_monsterinsights_sitenote_category":0,"_uf_show_specific_survey":0,"_uf_disable_surveys":false,"footnotes":""},"class_list":["post-29814","page","type-page","status-publish","hentry"],"acf":[],"_links":{"self":[{"href":"https:\/\/gsmart-ip.ch\/en\/wp-json\/wp\/v2\/pages\/29814","targetHints":{"allow":["GET"]}}],"collection":[{"href":"https:\/\/gsmart-ip.ch\/en\/wp-json\/wp\/v2\/pages"}],"about":[{"href":"https:\/\/gsmart-ip.ch\/en\/wp-json\/wp\/v2\/types\/page"}],"author":[{"embeddable":true,"href":"https:\/\/gsmart-ip.ch\/en\/wp-json\/wp\/v2\/users\/2"}],"replies":[{"embeddable":true,"href":"https:\/\/gsmart-ip.ch\/en\/wp-json\/wp\/v2\/comments?post=29814"}],"version-history":[{"count":12,"href":"https:\/\/gsmart-ip.ch\/en\/wp-json\/wp\/v2\/pages\/29814\/revisions"}],"predecessor-version":[{"id":31037,"href":"https:\/\/gsmart-ip.ch\/en\/wp-json\/wp\/v2\/pages\/29814\/revisions\/31037"}],"wp:attachment":[{"href":"https:\/\/gsmart-ip.ch\/en\/wp-json\/wp\/v2\/media?parent=29814"}],"curies":[{"name":"wp","href":"https:\/\/api.w.org\/{rel}","templated":true}]}}