{"id":30103,"date":"2023-07-20T14:16:10","date_gmt":"2023-07-20T12:16:10","guid":{"rendered":"https:\/\/gsmart.wecode.swiss\/prestations\/"},"modified":"2023-08-31T11:31:33","modified_gmt":"2023-08-31T09:31:33","slug":"services","status":"publish","type":"page","link":"https:\/\/gsmart-ip.ch\/en\/services\/","title":{"rendered":"Services"},"content":{"rendered":"<section class=\"wpb-content-wrapper\"><p>[vc_row row_height_percent=&#8221;50&#8243; override_padding=&#8221;yes&#8221; h_padding=&#8221;2&#8243; top_padding=&#8221;3&#8243; bottom_padding=&#8221;0&#8243; back_color=&#8221;color-240233&#8243; overlay_color=&#8221;color-240233&#8243; overlay_alpha=&#8221;1&#8243; gutter_size=&#8221;3&#8243; column_width_percent=&#8221;100&#8243; shift_y=&#8221;0&#8243; z_index=&#8221;2&#8243; uncode_shortcode_id=&#8221;180238&#8243; back_color_type=&#8221;uncode-palette&#8221; overlay_color_type=&#8221;uncode-palette&#8221; el_class=&#8221;animation-rotate-blue-extra&#8221;][vc_column column_width_percent=&#8221;100&#8243; gutter_size=&#8221;1&#8243; back_color=&#8221;color-240233&#8243; overlay_alpha=&#8221;50&#8243; shift_x=&#8221;0&#8243; shift_y=&#8221;0&#8243; shift_y_down=&#8221;0&#8243; z_index=&#8221;0&#8243; medium_width=&#8221;0&#8243; mobile_width=&#8221;0&#8243; css_animation=&#8221;top-t-bottom&#8221; animation_speed=&#8221;600&#8243; width=&#8221;1\/1&#8243; uncode_shortcode_id=&#8221;623285&#8243; back_color_type=&#8221;uncode-palette&#8221;][vc_row_inner row_inner_height_percent=&#8221;70&#8243; overlay_alpha=&#8221;50&#8243; gutter_size=&#8221;2&#8243; shift_y=&#8221;0&#8243; z_index=&#8221;0&#8243; uncode_shortcode_id=&#8221;367358&#8243; row_height_pixel=&#8221;150px&#8221; limit_content=&#8221;&#8221;][vc_column_inner column_width_percent=&#8221;100&#8243; gutter_size=&#8221;3&#8243; style=&#8221;dark&#8221; overlay_alpha=&#8221;50&#8243; shift_x=&#8221;0&#8243; shift_y=&#8221;0&#8243; shift_y_down=&#8221;0&#8243; z_index=&#8221;0&#8243; medium_width=&#8221;0&#8243; mobile_width=&#8221;0&#8243; width=&#8221;3\/12&#8243; uncode_shortcode_id=&#8221;948819&#8243;][vc_icon position=&#8221;left&#8221; space_reduced=&#8221;yes&#8221; icon_image=&#8221;28873&#8243; media_size=&#8221;30px&#8221; heading_semantic=&#8221;p&#8221; text_font=&#8221;font-555555&#8243; text_size=&#8221;h6&#8243; text_weight=&#8221;400&#8243; uncode_shortcode_id=&#8221;189441&#8243; title=&#8221;Call on our services&#8221;][\/vc_icon][\/vc_column_inner][vc_column_inner column_width_percent=&#8221;50&#8243; position_horizontal=&#8221;left&#8221; align_horizontal=&#8221;align_center&#8221; gutter_size=&#8221;3&#8243; style=&#8221;dark&#8221; overlay_alpha=&#8221;50&#8243; shift_x=&#8221;0&#8243; shift_y=&#8221;1&#8243; shift_y_down=&#8221;0&#8243; z_index=&#8221;0&#8243; medium_width=&#8221;0&#8243; align_mobile=&#8221;align_left_mobile&#8221; mobile_width=&#8221;0&#8243; width=&#8221;1\/12&#8243; uncode_shortcode_id=&#8221;104094&#8243;][vc_separator sep_color=&#8221;color-xsdn&#8221; uncode_shortcode_id=&#8221;139520&#8243; sep_color_type=&#8221;uncode-palette&#8221; el_width=&#8221;100px&#8221;][\/vc_column_inner][vc_column_inner column_width_percent=&#8221;100&#8243; align_horizontal=&#8221;align_right&#8221; gutter_size=&#8221;3&#8243; style=&#8221;dark&#8221; overlay_alpha=&#8221;50&#8243; shift_x=&#8221;0&#8243; shift_y=&#8221;1&#8243; shift_y_down=&#8221;0&#8243; z_index=&#8221;0&#8243; medium_width=&#8221;0&#8243; align_mobile=&#8221;align_center_mobile&#8221; mobile_width=&#8221;0&#8243; width=&#8221;8\/12&#8243; uncode_shortcode_id=&#8221;208035&#8243;][vc_custom_heading text_color=&#8221;color-xsdn&#8221; heading_semantic=&#8221;p&#8221; text_font=&#8221;font-425448&#8243; text_size=&#8221;h1&#8243; text_weight=&#8221;500&#8243; uncode_shortcode_id=&#8221;624545&#8243; text_color_type=&#8221;uncode-palette&#8221;]<\/p>\n<h1 style=\"text-align: right;\">Our services<\/h1>\n<p>[\/vc_custom_heading][\/vc_column_inner][\/vc_row_inner][\/vc_column][\/vc_row][vc_row row_height_percent=&#8221;0&#8243; overlay_alpha=&#8221;50&#8243; gutter_size=&#8221;3&#8243; column_width_percent=&#8221;100&#8243; shift_y=&#8221;0&#8243; z_index=&#8221;0&#8243; uncode_shortcode_id=&#8221;153252&#8243;][vc_column width=&#8221;1\/1&#8243;][vc_row_inner row_inner_height_percent=&#8221;0&#8243; overlay_alpha=&#8221;50&#8243; gutter_size=&#8221;3&#8243; shift_y=&#8221;0&#8243; z_index=&#8221;0&#8243; uncode_shortcode_id=&#8221;132270&#8243; limit_content=&#8221;&#8221;][vc_column_inner column_width_percent=&#8221;100&#8243; gutter_size=&#8221;3&#8243; style=&#8221;dark&#8221; overlay_alpha=&#8221;50&#8243; shift_x=&#8221;0&#8243; shift_y=&#8221;0&#8243; shift_y_down=&#8221;0&#8243; z_index=&#8221;0&#8243; medium_width=&#8221;0&#8243; mobile_width=&#8221;0&#8243; css_animation=&#8221;left-t-right&#8221; animation_speed=&#8221;600&#8243; width=&#8221;7\/12&#8243; uncode_shortcode_id=&#8221;129485&#8243;][vc_custom_heading text_font=&#8221;font-425448&#8243; text_size=&#8221;h3&#8243; text_weight=&#8221;600&#8243; uncode_shortcode_id=&#8221;109605&#8243;]<\/p>\n<h3 style=\"text-align: left;\">Our IP services<\/h3>\n<p>[\/vc_custom_heading][vc_column_text uncode_shortcode_id=&#8221;177001&#8243;]From design protection to trademark and patent strategy, we put our expertise at your service to defend your ideas and guarantee their commercial value. Your vision is our mission.[\/vc_column_text][\/vc_column_inner][vc_column_inner column_width_percent=&#8221;100&#8243; position_vertical=&#8221;middle&#8221; align_horizontal=&#8221;align_right&#8221; gutter_size=&#8221;3&#8243; style=&#8221;dark&#8221; overlay_alpha=&#8221;50&#8243; shift_x=&#8221;0&#8243; shift_y=&#8221;0&#8243; shift_y_down=&#8221;0&#8243; z_index=&#8221;0&#8243; medium_width=&#8221;0&#8243; mobile_width=&#8221;0&#8243; css_animation=&#8221;right-t-left&#8221; animation_speed=&#8221;600&#8243; width=&#8221;5\/12&#8243; uncode_shortcode_id=&#8221;524262&#8243;][vc_column_text text_lead=&#8221;small&#8221; uncode_shortcode_id=&#8221;207592&#8243;]Optimal experience in your support[\/vc_column_text][\/vc_column_inner][\/vc_row_inner][vc_empty_space empty_h=&#8221;4&#8243;][\/vc_column][\/vc_row][vc_row unlock_row_content=&#8221;yes&#8221; row_height_percent=&#8221;80&#8243; override_padding=&#8221;yes&#8221; h_padding=&#8221;2&#8243; top_padding=&#8221;2&#8243; bottom_padding=&#8221;0&#8243; back_color=&#8221;color-240233&#8243; overlay_alpha=&#8221;50&#8243; gutter_size=&#8221;3&#8243; column_width_percent=&#8221;100&#8243; shift_y=&#8221;-5&#8243; z_index=&#8221;4&#8243; uncode_shortcode_id=&#8221;206885&#8243; back_color_type=&#8221;uncode-palette&#8221;][vc_column column_width_percent=&#8221;100&#8243; align_horizontal=&#8221;align_center&#8221; gutter_size=&#8221;1&#8243; override_padding=&#8221;yes&#8221; column_padding=&#8221;0&#8243; back_color=&#8221;color-240233&#8243; overlay_alpha=&#8221;50&#8243; shift_x=&#8221;0&#8243; shift_y=&#8221;0&#8243; shift_y_down=&#8221;0&#8243; z_index=&#8221;0&#8243; medium_width=&#8221;0&#8243; mobile_width=&#8221;0&#8243; width=&#8221;1\/1&#8243; uncode_shortcode_id=&#8221;203620&#8243; back_color_type=&#8221;uncode-palette&#8221; el_class=&#8221;carousel-expertises&#8221;][vc_row_inner row_inner_height_percent=&#8221;100&#8243; force_width_grid=&#8221;yes&#8221; overlay_alpha=&#8221;50&#8243; equal_height=&#8221;yes&#8221; gutter_size=&#8221;3&#8243; shift_y=&#8221;0&#8243; z_index=&#8221;0&#8243; uncode_shortcode_id=&#8221;421118&#8243; limit_content=&#8221;&#8221;][vc_column_inner column_width_percent=&#8221;80&#8243; align_horizontal=&#8221;align_center&#8221; gutter_size=&#8221;3&#8243; overlay_alpha=&#8221;50&#8243; shift_x=&#8221;0&#8243; shift_y=&#8221;0&#8243; shift_y_down=&#8221;0&#8243; z_index=&#8221;0&#8243; medium_width=&#8221;0&#8243; mobile_width=&#8221;0&#8243; width=&#8221;1\/1&#8243; uncode_shortcode_id=&#8221;711482&#8243;][vc_empty_space empty_h=&#8221;3&#8243;][vc_gallery el_id=&#8221;gallery-994921&#8243; isotope_mode=&#8221;fitRows&#8221; medias=&#8221;31057,31067,31063,31061,31065,31059,31069,31071&#8243; gutter_size=&#8221;3&#8243; inner_padding=&#8221;yes&#8221; media_items=&#8221;media|custom_link|original,title,spacer|one,description,caption&#8221; screen_lg=&#8221;1000&#8243; screen_md=&#8221;600&#8243; screen_sm=&#8221;480&#8243; single_text=&#8221;under&#8221; single_back_color=&#8221;color-xsdn&#8221; single_shape=&#8221;round&#8221; radius=&#8221;std&#8221; single_overlay_opacity=&#8221;1&#8243; single_overlay_anim=&#8221;no&#8221; single_text_visible=&#8221;yes&#8221; single_text_anim=&#8221;no&#8221; single_image_anim=&#8221;no&#8221; single_padding=&#8221;1&#8243; single_title_semantic=&#8221;h2&#8243; lbox_skin=&#8221;white&#8221; uncode_shortcode_id=&#8221;125489&#8243; items=&#8221;eyIyOTA2Ml9pIjp7InNpbmdsZV9saW5rIjoidXJsOiUyRmNvbW1lbnQtZGVwb3Nlci1tb24tYnJldmV0JTJGfHRpdGxlOkJyZXZldHMiLCJzaW5nbGVfbGF5b3V0X21lZGlhX2l0ZW1zIjoibWVkaWF8Y3VzdG9tX2xpbmt8b3JpZ2luYWwsdGl0bGUsc3BhY2VyfG9uZSxkZXNjcmlwdGlvbixjYXB0aW9uIn0sIjI5MDcxX2kiOnsic2luZ2xlX2xpbmsiOiJ1cmw6JTJGZGVwb3QtZ2VzdGlvbi1tYXJxdWUtZ3NtYXJ0JTJGfHRpdGxlOk1hcnF1ZSJ9LCIyOTA2OF9pIjp7InNpbmdsZV9saW5rIjoidXJsOiUyRmRlc3NpbnMtZXQtbW9kZWxlcyUyRnx0aXRsZTpEZXNzaW5zJTIwZXQlMjBtb2QlQzMlQThsZXMifSwiMjkwNjVfaSI6eyJzaW5nbGVfbGluayI6InVybDolMkZkcm9pdHMtZGF1dGV1ci1ldC1jb3B5cmlnaHRzJTJGfHRpdGxlOkRyb2l0cyUyMGQlRTIlODAlOTlhdXRldXIlMjBldCUyMGNvcHlyaWdodHMifSwiMjkwNzBfaSI6eyJzaW5nbGVfbGluayI6InVybDolMkZub21zLWRlLWRvbWFpbmUlMkZ8dGl0bGU6Tm9tcyUyMGRlJTIwZG9tYWluZSJ9LCIyOTA2NF9pIjp7InNpbmdsZV9saW5rIjoidXJsOiUyRmNvbnRyYXRzLWRlLXByb3ByaWV0ZS1pbnRlbGxlY3R1ZWxsZSUyRnx0aXRsZTpDb250cmF0cyUyMGRlJTIwcHJvcHJpJUMzJUE5dCVDMyVBOSUyMGludGVsbGVjdHVlbGxlIn0sIjI5MDc5X2kiOnsic2luZ2xlX2xpbmsiOiJ1cmw6JTJGbGl0aWdlcy1ldC1jb250ZW50aWV1eCUyRnx0aXRsZTpMaXRpZ2VzJTIwZXQlMjBjb250ZW50aWV1eCJ9LCIyOTUyMV9pIjp7InNpbmdsZV9saW5rIjoidXJsOiUyRnByb3RlY3Rpb24tZG9ubmVlcy1wZXJzb25uZWxsZXMtZ3NtYXJ0JTJGfHRpdGxlOlByb3RlY3Rpb24lMjBkZXMlMjBkb25uJUMzJTgzJUMyJUE5ZXMlMjBwZXJzb25uZWxsZXMifSwiMzEwNTdfaSI6eyJzaW5nbGVfbGluayI6InVybDolMkZlbiUyRmhvdy10by1zdWJtaXQtbXktcGF0ZW50JTJGfHRpdGxlOlBhdGVudHMifSwiMzEwNjdfaSI6eyJzaW5nbGVfbGluayI6InVybDolMkZlbiUyRm1hbmFnZW1lbnQtdHJhZGVtYXJrLWdzbWFydCUyRnx0aXRsZTpUcmFkZW1hcmtzIn0sIjMxMDYzX2kiOnsic2luZ2xlX2xpbmsiOiJ1cmw6JTJGZW4lMkZkZXNpZ24lMkZ8dGl0bGU6RGVzaWduIn0sIjMxMDYxX2kiOnsic2luZ2xlX2xpbmsiOiJ1cmw6JTJGZW4lMkZjb3B5cmlnaHQlMkZ8dGl0bGU6Q29weXJpZ2h0In0sIjMxMDY1X2kiOnsic2luZ2xlX2xpbmsiOiJ1cmw6JTJGZW4lMkZwcm90ZWN0LXlvdXItZG9tYWluLW5hbWVzJTJGfHRpdGxlOkRvbWFpbiUyMG5hbWVzIn0sIjMxMDU5X2kiOnsic2luZ2xlX2xpbmsiOiJ1cmw6JTJGZW4lMkZpbnRlbGxlY3R1YWwtcHJvcGVydHktYWdyZWVtZW50cyUyRnx0aXRsZTpJbnRlbGxlY3R1YWwlMjBwcm9wZXJ0eSJ9LCIzMTA3MV9pIjp7InNpbmdsZV9saW5rIjoidXJsOiUyRmVuJTJGcGVyc29uYWwtZGF0YS1wcm90ZWN0aW9uLWdzbWFydCUyRnx0aXRsZTpQZXJzb25hbCUyMGRhdGEifSwiMzEwNjlfaSI6eyJzaW5nbGVfbGluayI6InVybDolMkZlbiUyRmxpdGlnYXRpb24tYW5kLWNsYWltcy1nc21hcnQlMkZ8dGl0bGU6TGl0aWdhdGlvbiUyMGFuZCUyMGNsYWltcyJ9fQ==&#8221; el_class=&#8221;accueil-prestation-carousel&#8221;][vc_empty_space empty_h=&#8221;3&#8243;][\/vc_column_inner][\/vc_row_inner][\/vc_column][\/vc_row][vc_row unlock_row_content=&#8221;yes&#8221; row_height_percent=&#8221;0&#8243; override_padding=&#8221;yes&#8221; h_padding=&#8221;2&#8243; top_padding=&#8221;4&#8243; bottom_padding=&#8221;2&#8243; back_color=&#8221;color-151678&#8243; overlay_alpha=&#8221;50&#8243; gutter_size=&#8221;3&#8243; column_width_percent=&#8221;100&#8243; shift_y=&#8221;0&#8243; z_index=&#8221;0&#8243; desktop_visibility=&#8221;yes&#8221; medium_visibility=&#8221;yes&#8221; mobile_visibility=&#8221;yes&#8221; uncode_shortcode_id=&#8221;242432&#8243; back_color_type=&#8221;uncode-palette&#8221;][vc_column column_width_percent=&#8221;100&#8243; gutter_size=&#8221;3&#8243; style=&#8221;light&#8221; overlay_alpha=&#8221;50&#8243; shift_x=&#8221;0&#8243; shift_y=&#8221;0&#8243; shift_y_down=&#8221;0&#8243; z_index=&#8221;0&#8243; medium_width=&#8221;0&#8243; mobile_width=&#8221;0&#8243; width=&#8221;1\/1&#8243; uncode_shortcode_id=&#8221;275768&#8243;][vc_row_inner limit_content=&#8221;&#8221;][vc_column_inner column_width_percent=&#8221;100&#8243; gutter_size=&#8221;3&#8243; style=&#8221;light&#8221; overlay_alpha=&#8221;50&#8243; shift_x=&#8221;0&#8243; shift_y=&#8221;0&#8243; shift_y_down=&#8221;0&#8243; z_index=&#8221;0&#8243; medium_width=&#8221;0&#8243; mobile_width=&#8221;0&#8243; css_animation=&#8221;left-t-right&#8221; animation_speed=&#8221;600&#8243; width=&#8221;2\/3&#8243; uncode_shortcode_id=&#8221;113166&#8243;][vc_custom_heading text_size=&#8221;h3&#8243; uncode_shortcode_id=&#8221;157897&#8243; subheading=&#8221;D\u00e9fendre vos id\u00e9es et s\u00e9curiser votre cr\u00e9ativit\u00e9 est notre mission. Avec notre expertise, transformons vos innovations en actifs incontestables.&#8221;]Votre satisfaction,<br \/>\nnotre priorit\u00e9 ![\/vc_custom_heading][\/vc_column_inner][vc_column_inner column_width_percent=&#8221;100&#8243; gutter_size=&#8221;3&#8243; overlay_alpha=&#8221;50&#8243; shift_x=&#8221;0&#8243; shift_y=&#8221;0&#8243; shift_y_down=&#8221;0&#8243; z_index=&#8221;0&#8243; medium_width=&#8221;0&#8243; mobile_visibility=&#8221;yes&#8221; mobile_width=&#8221;0&#8243; css_animation=&#8221;right-t-left&#8221; animation_speed=&#8221;600&#8243; width=&#8221;1\/3&#8243; uncode_shortcode_id=&#8221;425222&#8243;][vc_single_image media=&#8221;28873&#8243; media_width_percent=&#8221;25&#8243; alignment=&#8221;right&#8221; uncode_shortcode_id=&#8221;146237&#8243;][\/vc_column_inner][\/vc_row_inner][\/vc_column][\/vc_row][vc_row row_height_percent=&#8221;0&#8243; override_padding=&#8221;yes&#8221; h_padding=&#8221;2&#8243; top_padding=&#8221;2&#8243; bottom_padding=&#8221;5&#8243; back_color=&#8221;color-151678&#8243; back_image=&#8221;28925&#8243; back_repeat=&#8221;no-repeat&#8221; back_position=&#8221;right bottom&#8221; overlay_alpha=&#8221;50&#8243; gutter_size=&#8221;3&#8243; column_width_percent=&#8221;100&#8243; shift_y=&#8221;0&#8243; z_index=&#8221;0&#8243; desktop_visibility=&#8221;yes&#8221; medium_visibility=&#8221;yes&#8221; mobile_visibility=&#8221;yes&#8221; uncode_shortcode_id=&#8221;516079&#8243; back_color_type=&#8221;uncode-palette&#8221; back_size=&#8221;300px&#8221; front_end_with_slider=&#8221;true&#8221;][vc_column column_width_percent=&#8221;100&#8243; gutter_size=&#8221;3&#8243; style=&#8221;light&#8221; overlay_alpha=&#8221;50&#8243; shift_x=&#8221;0&#8243; shift_y=&#8221;0&#8243; shift_y_down=&#8221;0&#8243; z_index=&#8221;0&#8243; medium_width=&#8221;0&#8243; mobile_width=&#8221;0&#8243; width=&#8221;1\/1&#8243; uncode_shortcode_id=&#8221;313337&#8243;][uncode_slider][vc_row_inner row_inner_height_percent=&#8221;0&#8243; overlay_alpha=&#8221;50&#8243; gutter_size=&#8221;3&#8243; shift_y=&#8221;0&#8243; z_index=&#8221;0&#8243; uncode_shortcode_id=&#8221;417895&#8243; limit_content=&#8221;yes&#8221; front_end_with_slider=&#8221;true&#8221;][vc_column_inner column_width_percent=&#8221;100&#8243; position_vertical=&#8221;middle&#8221; gutter_size=&#8221;3&#8243; back_image=&#8221;28944&#8243; back_position=&#8221;right top&#8221; overlay_alpha=&#8221;50&#8243; shift_x=&#8221;0&#8243; shift_y=&#8221;0&#8243; shift_y_down=&#8221;0&#8243; z_index=&#8221;0&#8243; medium_width=&#8221;0&#8243; mobile_width=&#8221;0&#8243; width=&#8221;1\/4&#8243; uncode_shortcode_id=&#8221;119483&#8243; back_size=&#8221;65px&#8221;][vc_single_image media=&#8221;28887&#8243; media_width_percent=&#8221;100&#8243; media_ratio=&#8221;two-three&#8221; shape=&#8221;img-round&#8221; radius=&#8221;std&#8221; uncode_shortcode_id=&#8221;191339&#8243;][\/vc_column_inner][vc_column_inner column_width_percent=&#8221;100&#8243; position_vertical=&#8221;middle&#8221; gutter_size=&#8221;3&#8243; style=&#8221;light&#8221; overlay_alpha=&#8221;50&#8243; shift_x=&#8221;0&#8243; shift_y=&#8221;0&#8243; shift_y_down=&#8221;0&#8243; z_index=&#8221;0&#8243; medium_width=&#8221;0&#8243; mobile_width=&#8221;0&#8243; width=&#8221;3\/4&#8243; uncode_shortcode_id=&#8221;200542&#8243;][vc_column_text uncode_shortcode_id=&#8221;704443&#8243;]&#8221;L&#8217;\u00e9quipe de G-Smart IP nous a fourni un service exceptionnel, avec une compr\u00e9hension approfondie et une expertise juridique pointue. Ils ont su prot\u00e9ger nos innovations tout en nous guidant \u00e0 travers le processus complexe de mani\u00e8re compr\u00e9hensible et transparente. Nous recommandons vivement G-Smart IP pour leurs comp\u00e9tences et leur professionnalisme hors pair.&#8221;<\/p>\n<p><strong>\u2014 Lucas Bouchard<\/strong><br \/>\n<em>Directeur de l&#8217;Innovation chez <a href=\"https:\/\/technosynth.com\/\" target=\"_blank\" rel=\"noopener\">TechnoSynth<\/a> Inc.<\/em>[\/vc_column_text][\/vc_column_inner][\/vc_row_inner][\/uncode_slider][\/vc_column][\/vc_row]<\/p>\n<\/section>","protected":false},"excerpt":{"rendered":"<p>[vc_row row_height_percent=&#8221;50&#8243; override_padding=&#8221;yes&#8221; h_padding=&#8221;2&#8243; top_padding=&#8221;3&#8243; bottom_padding=&#8221;0&#8243; back_color=&#8221;color-240233&#8243; overlay_color=&#8221;color-240233&#8243; overlay_alpha=&#8221;1&#8243; gutter_size=&#8221;3&#8243; column_width_percent=&#8221;100&#8243; shift_y=&#8221;0&#8243; z_index=&#8221;2&#8243; uncode_shortcode_id=&#8221;180238&#8243; back_color_type=&#8221;uncode-palette&#8221; overlay_color_type=&#8221;uncode-palette&#8221; el_class=&#8221;animation-rotate-blue-extra&#8221;][vc_column column_width_percent=&#8221;100&#8243; gutter_size=&#8221;1&#8243; back_color=&#8221;color-240233&#8243; [&hellip;]<\/p>\n","protected":false},"author":2,"featured_media":0,"parent":0,"menu_order":0,"comment_status":"closed","ping_status":"closed","template":"","meta":{"_acf_changed":false,"om_disable_all_campaigns":false,"_monsterinsights_skip_tracking":false,"_monsterinsights_sitenote_active":false,"_monsterinsights_sitenote_note":"","_monsterinsights_sitenote_category":0,"_uf_show_specific_survey":0,"_uf_disable_surveys":false,"footnotes":""},"class_list":["post-30103","page","type-page","status-publish","hentry"],"acf":[],"_links":{"self":[{"href":"https:\/\/gsmart-ip.ch\/en\/wp-json\/wp\/v2\/pages\/30103","targetHints":{"allow":["GET"]}}],"collection":[{"href":"https:\/\/gsmart-ip.ch\/en\/wp-json\/wp\/v2\/pages"}],"about":[{"href":"https:\/\/gsmart-ip.ch\/en\/wp-json\/wp\/v2\/types\/page"}],"author":[{"embeddable":true,"href":"https:\/\/gsmart-ip.ch\/en\/wp-json\/wp\/v2\/users\/2"}],"replies":[{"embeddable":true,"href":"https:\/\/gsmart-ip.ch\/en\/wp-json\/wp\/v2\/comments?post=30103"}],"version-history":[{"count":23,"href":"https:\/\/gsmart-ip.ch\/en\/wp-json\/wp\/v2\/pages\/30103\/revisions"}],"predecessor-version":[{"id":31448,"href":"https:\/\/gsmart-ip.ch\/en\/wp-json\/wp\/v2\/pages\/30103\/revisions\/31448"}],"wp:attachment":[{"href":"https:\/\/gsmart-ip.ch\/en\/wp-json\/wp\/v2\/media?parent=30103"}],"curies":[{"name":"wp","href":"https:\/\/api.w.org\/{rel}","templated":true}]}}